{"id":10601,"date":"2025-04-11T16:28:08","date_gmt":"2025-04-11T16:28:08","guid":{"rendered":"https:\/\/wp.ditsolution.net\/techno\/?page_id=10601"},"modified":"2025-11-02T19:31:08","modified_gmt":"2025-11-02T19:31:08","slug":"sobre-nosotros","status":"publish","type":"page","link":"https:\/\/mentesmaestrasg.com\/en\/sobre-nosotros\/","title":{"rendered":"Sobre Nosotros"},"content":{"rendered":"<div data-elementor-type=\"wp-page\" data-elementor-id=\"10601\" class=\"elementor elementor-10601\">\n\t\t\t\t\n\n\t\t<section class=\"elementor-section elementor-top-section elementor-element elementor-element-d4189ea elementor-section-boxed elementor-section-height-default elementor-section-height-default\" data-id=\"d4189ea\" data-element_type=\"section\">\n\t\t\t\t\t\t<div class=\"elementor-container elementor-column-gap-default\">\n\t\t\t\t\t<div class=\"elementor-column elementor-col-50 elementor-top-column elementor-element elementor-element-d92ed5a\" data-id=\"d92ed5a\" data-element_type=\"column\">\n\t\t\t<div class=\"elementor-widget-wrap elementor-element-populated\">\n\t\t\t\t\t\t<section class=\"elementor-section elementor-inner-section elementor-element elementor-element-21c0629 elementor-section-boxed elementor-section-height-default elementor-section-height-default\" data-id=\"21c0629\" data-element_type=\"section\">\n\t\t\t\t\t\t<div class=\"elementor-container elementor-column-gap-default\">\n\t\t\t\t\t<div class=\"elementor-column elementor-col-100 elementor-inner-column elementor-element elementor-element-9c5af89\" data-id=\"9c5af89\" data-element_type=\"column\">\n\t\t\t<div class=\"elementor-widget-wrap elementor-element-populated\">\n\t\t\t\t\n\n\t\t\t<\/div>\n\t\t<\/div>\n\t\t\t\t\t<\/div>\n\t\t<\/section>\n\t\t\t\t<section class=\"elementor-section elementor-inner-section elementor-element elementor-element-132dc8c elementor-section-boxed elementor-section-height-default elementor-section-height-default elementor-invisible\" data-id=\"132dc8c\" data-element_type=\"section\" data-settings=\"{&quot;animation&quot;:&quot;fadeInUp&quot;}\">\n\t\t\t\t\t\t<div class=\"elementor-container elementor-column-gap-default\">\n\t\t\t\t\t<div class=\"elementor-column elementor-col-50 elementor-inner-column elementor-element elementor-element-e4447ac\" data-id=\"e4447ac\" data-element_type=\"column\">\n\t\t\t<div class=\"elementor-widget-wrap\">\n\t\t\t\t\t\t\t<\/div>\n\t\t<\/div>\n\t\t\t\t<div class=\"elementor-column elementor-col-50 elementor-inner-column elementor-element elementor-element-6033212\" data-id=\"6033212\" data-element_type=\"column\">\n\t\t\t<div class=\"elementor-widget-wrap\">\n\t\t\t\t\t\t\t<\/div>\n\t\t<\/div>\n\t\t\t\t\t<\/div>\n\t\t<\/section>\n\t\t\t\t<section class=\"elementor-section elementor-inner-section elementor-element elementor-element-cc546c8 elementor-section-boxed elementor-section-height-default elementor-section-height-default elementor-invisible\" data-id=\"cc546c8\" data-element_type=\"section\" data-settings=\"{&quot;background_background&quot;:&quot;classic&quot;,&quot;animation&quot;:&quot;fadeInUp&quot;}\">\n\t\t\t\t\t\t\t<div class=\"elementor-background-overlay\"><\/div>\n\t\t\t\t\t\t\t<div class=\"elementor-container elementor-column-gap-default\">\n\t\t\t\t\t<div class=\"elementor-column elementor-col-100 elementor-inner-column elementor-element elementor-element-ae21191\" data-id=\"ae21191\" data-element_type=\"column\">\n\t\t\t<div class=\"elementor-widget-wrap elementor-element-populated\">\n\t\t\t\t\t\t<div class=\"elementor-element elementor-element-ed97ff6 elementor-widget elementor-widget-simple-heading\" data-id=\"ed97ff6\" data-element_type=\"widget\" data-widget_type=\"simple-heading.default\">\n\t\t\t\t<div class=\"elementor-widget-container\">\n\t\t\t\t\t        \t\t<div class=\"heading style1\">\r\n\t\t\t<h3 class=\"heading-text\">Transformamos Tus Desafios<br> En Historias De Exito<\/h3>\r\n\t\t<\/div>\r\n\r\n\t\t\t\t\t\t<\/div>\n\t\t\t\t<\/div>\n\t\t\t\t<div class=\"elementor-element elementor-element-0abe399 elementor-widget elementor-widget-simple-heading\" data-id=\"0abe399\" data-element_type=\"widget\" data-widget_type=\"simple-heading.default\">\n\t\t\t\t<div class=\"elementor-widget-container\">\n\t\t\t\t\t        \t\t<div class=\"heading style1\">\r\n\t\t\t<p class=\"heading-text\">Sembramos Confianza En Tus Decisiciones<\/p>\r\n\t\t<\/div>\r\n\r\n\t\t\t\t\t\t<\/div>\n\t\t\t\t<\/div>\n\t\t\t\t<div class=\"elementor-element elementor-element-97c493d elementor-align-center elementor-widget elementor-widget-button\" data-id=\"97c493d\" data-element_type=\"widget\" data-widget_type=\"button.default\">\n\t\t\t\t\t\t\t\t\t\t<a class=\"elementor-button elementor-button-link elementor-size-sm\" href=\"#\">\n\t\t\t\t\t\t<span class=\"elementor-button-content-wrapper\">\n\t\t\t\t\t\t<span class=\"elementor-button-icon\">\n\t\t\t\t<svg aria-hidden=\"true\" class=\"e-font-icon-svg e-fab-whatsapp\" viewbox=\"0 0 448 512\" xmlns=\"http:\/\/www.w3.org\/2000\/svg\"><path d=\"M380.9 97.1C339 55.1 283.2 32 223.9 32c-122.4 0-222 99.6-222 222 0 39.1 10.2 77.3 29.6 111L0 480l117.7-30.9c32.4 17.7 68.9 27 106.1 27h.1c122.3 0 224.1-99.6 224.1-222 0-59.3-25.2-115-67.1-157zm-157 341.6c-33.2 0-65.7-8.9-94-25.7l-6.7-4-69.8 18.3L72 359.2l-4.4-7c-18.5-29.4-28.2-63.3-28.2-98.2 0-101.7 82.8-184.5 184.6-184.5 49.3 0 95.6 19.2 130.4 54.1 34.8 34.9 56.2 81.2 56.1 130.5 0 101.8-84.9 184.6-186.6 184.6zm101.2-138.2c-5.5-2.8-32.8-16.2-37.9-18-5.1-1.9-8.8-2.8-12.5 2.8-3.7 5.6-14.3 18-17.6 21.8-3.2 3.7-6.5 4.2-12 1.4-32.6-16.3-54-29.1-75.5-66-5.7-9.8 5.7-9.1 16.3-30.3 1.8-3.7.9-6.9-.5-9.7-1.4-2.8-12.5-30.1-17.1-41.2-4.5-10.8-9.1-9.3-12.5-9.5-3.2-.2-6.9-.2-10.6-.2-3.7 0-9.7 1.4-14.8 6.9-5.1 5.6-19.4 19-19.4 46.3 0 27.3 19.9 53.7 22.6 57.4 2.8 3.7 39.1 59.7 94.8 83.8 35.2 15.2 49 16.5 66.6 13.9 10.7-1.6 32.8-13.4 37.4-26.4 4.6-13 4.6-24.1 3.2-26.4-1.3-2.5-5-3.9-10.5-6.6z\"><\/path><\/svg>\t\t\t<\/span>\n\t\t\t\t\t\t\t\t\t<span class=\"elementor-button-text\">Contactanos!<\/span>\n\t\t\t\t\t<\/span>\n\t\t\t\t\t<\/a>\n\t\t\t\t\t\t\t\t<\/div>\n\t\t\t\t\t<\/div>\n\t\t<\/div>\n\t\t\t\t\t<\/div>\n\t\t<\/section>\n\t\t\t\t\t<\/div>\n\t\t<\/div>\n\t\t\t\t<div class=\"elementor-column elementor-col-50 elementor-top-column elementor-element elementor-element-a2980e0\" data-id=\"a2980e0\" data-element_type=\"column\">\n\t\t\t<div class=\"elementor-widget-wrap elementor-element-populated\">\n\t\t\t\t\t\t<section class=\"elementor-section elementor-inner-section elementor-element elementor-element-6d0d33e elementor-section-boxed elementor-section-height-default elementor-section-height-default\" data-id=\"6d0d33e\" data-element_type=\"section\">\n\t\t\t\t\t\t<div class=\"elementor-container elementor-column-gap-default\">\n\t\t\t\t\t<div class=\"elementor-column elementor-col-100 elementor-inner-column elementor-element elementor-element-56f0d68\" data-id=\"56f0d68\" data-element_type=\"column\">\n\t\t\t<div class=\"elementor-widget-wrap\">\n\t\t\t\t\t\t\t<\/div>\n\t\t<\/div>\n\t\t\t\t\t<\/div>\n\t\t<\/section>\n\t\t\t\t<div class=\"elementor-element elementor-element-29e775c elementor-widget elementor-widget-spacer\" data-id=\"29e775c\" data-element_type=\"widget\" data-widget_type=\"spacer.default\">\n\t\t\t\t\t\t\t<div class=\"elementor-spacer\">\n\t\t\t<div class=\"elementor-spacer-inner\"><\/div>\n\t\t<\/div>\n\t\t\t\t\t\t<\/div>\n\t\t\t\t<div class=\"elementor-element elementor-element-8d17df8 elementor-invisible elementor-widget elementor-widget-image\" data-id=\"8d17df8\" data-element_type=\"widget\" data-settings=\"{&quot;_animation&quot;:&quot;zoomInDown&quot;}\" data-widget_type=\"image.default\">\n\t\t\t\t\t\t\t\t\t\t\t\t\t\t\t<img fetchpriority=\"high\" decoding=\"async\" width=\"1024\" height=\"243\" src=\"https:\/\/mentesmaestrasg.com\/wp-content\/uploads\/2025\/11\/logo_png-1024x243.png\" class=\"attachment-large size-large wp-image-18820\" alt=\"\" srcset=\"https:\/\/mentesmaestrasg.com\/wp-content\/uploads\/2025\/11\/logo_png-1024x243.png 1024w, https:\/\/mentesmaestrasg.com\/wp-content\/uploads\/2025\/11\/logo_png-600x143.png 600w, https:\/\/mentesmaestrasg.com\/wp-content\/uploads\/2025\/11\/logo_png-300x71.png 300w, https:\/\/mentesmaestrasg.com\/wp-content\/uploads\/2025\/11\/logo_png-768x183.png 768w, https:\/\/mentesmaestrasg.com\/wp-content\/uploads\/2025\/11\/logo_png.png 1102w\" sizes=\"(max-width: 1024px) 100vw, 1024px\" \/>\t\t\t\t\t\t\t\t\t\t\t\t\t\t\t<\/div>\n\t\t\t\t<section class=\"elementor-section elementor-inner-section elementor-element elementor-element-e8d3c8e service-details elementor-section-boxed elementor-section-height-default elementor-section-height-default elementor-invisible\" data-id=\"e8d3c8e\" data-element_type=\"section\" data-settings=\"{&quot;animation&quot;:&quot;slideInRight&quot;}\">\n\t\t\t\t\t\t<div class=\"elementor-container elementor-column-gap-default\">\n\t\t\t\t\t<div class=\"elementor-column elementor-col-100 elementor-inner-column elementor-element elementor-element-7f4aac4\" data-id=\"7f4aac4\" data-element_type=\"column\">\n\t\t\t<div class=\"elementor-widget-wrap elementor-element-populated\">\n\t\t\t\t\t\t<div class=\"elementor-element elementor-element-34c6874 elementor-widget elementor-widget-simple-heading\" data-id=\"34c6874\" data-element_type=\"widget\" data-widget_type=\"simple-heading.default\">\n\t\t\t\t<div class=\"elementor-widget-container\">\n\t\t\t\t\t        \t\t<div class=\"heading style1\">\r\n\t\t\t<h3 class=\"heading-text\">Nuestra Misi\u00f3n<\/h3>\r\n\t\t<\/div>\r\n\r\n\t\t\t\t\t\t<\/div>\n\t\t\t\t<\/div>\n\t\t\t\t<div class=\"elementor-element elementor-element-adb6797 elementor-widget elementor-widget-simple-heading\" data-id=\"adb6797\" data-element_type=\"widget\" data-widget_type=\"simple-heading.default\">\n\t\t\t\t<div class=\"elementor-widget-container\">\n\t\t\t\t\t        \t\t<div class=\"heading style1\">\r\n\t\t\t<p class=\"heading-text\">Redefinir el concepto de liderazgo humano y empresarial, integrando la sabidur\u00eda financiera, la ciencia de la mente y las leyes universales en un solo sistema de entrenamiento de \u00e9lite.\nA trav\u00e9s de una formaci\u00f3n integral y avanzada, guiamos a individuos, l\u00edderes y organizaciones a alcanzar su m\u00e1ximo nivel de conciencia, productividad y prosperidad, desarrollando una nueva generaci\u00f3n de mentes maestras capaces de crear desde la coherencia, la inteligencia emocional y la visi\u00f3n estrat\u00e9gica.\nBasamos nuestro m\u00e9todo en cuatro pilares esenciales:\n* Inteligencia financiera, para vivir de activos, dominar presupuestos y construir libertad econ\u00f3mica sostenible.\n* Programaci\u00f3n neuroling\u00fc\u00edstica y sanaci\u00f3n del ser y del clan, para liberar patrones limitantes y elevar la frecuencia interna del \u00e9xito.\n* Desarrollo personal profundo, para dominar la mente subconsciente y transformar pensamiento, sentimiento y creencia en poder creador.\n* Energ\u00eda, manifestaci\u00f3n y principios universales, para alinear la vibraci\u00f3n individual y corporativa con las leyes de abundancia, expansi\u00f3n y prop\u00f3sito.\nFormamos l\u00edderes conscientes, estrategas del alma y arquitectos del \u00e9xito integral.\u2028Porque el futuro pertenece a quienes comprenden que la verdadera maestr\u00eda es un equilibrio entre lo material, lo mental y lo espiritual.<\/p>\r\n\t\t<\/div>\r\n\r\n\t\t\t\t\t\t<\/div>\n\t\t\t\t<\/div>\n\t\t\t\t\t<\/div>\n\t\t<\/div>\n\t\t\t\t\t<\/div>\n\t\t<\/section>\n\t\t\t\t<section class=\"elementor-section elementor-inner-section elementor-element elementor-element-439a100 service-details elementor-section-boxed elementor-section-height-default elementor-section-height-default elementor-invisible\" data-id=\"439a100\" data-element_type=\"section\" data-settings=\"{&quot;animation&quot;:&quot;slideInLeft&quot;}\">\n\t\t\t\t\t\t<div class=\"elementor-container elementor-column-gap-default\">\n\t\t\t\t\t<div class=\"elementor-column elementor-col-100 elementor-inner-column elementor-element elementor-element-2ed7448\" data-id=\"2ed7448\" data-element_type=\"column\">\n\t\t\t<div class=\"elementor-widget-wrap elementor-element-populated\">\n\t\t\t\t\t\t<div class=\"elementor-element elementor-element-739a103 elementor-widget elementor-widget-simple-heading\" data-id=\"739a103\" data-element_type=\"widget\" data-widget_type=\"simple-heading.default\">\n\t\t\t\t<div class=\"elementor-widget-container\">\n\t\t\t\t\t        \t\t<div class=\"heading style1\">\r\n\t\t\t<h3 class=\"heading-text\">Nuestra Visi\u00f3n<\/h3>\r\n\t\t<\/div>\r\n\r\n\t\t\t\t\t\t<\/div>\n\t\t\t\t<\/div>\n\t\t\t\t<div class=\"elementor-element elementor-element-ab8747e elementor-widget elementor-widget-simple-heading\" data-id=\"ab8747e\" data-element_type=\"widget\" data-widget_type=\"simple-heading.default\">\n\t\t\t\t<div class=\"elementor-widget-container\">\n\t\t\t\t\t        \t\t<div class=\"heading style1\">\r\n\t\t\t<p class=\"heading-text\">Ser el referente global m\u00e1s prestigioso en entrenamiento de alto nivel, reconocido por formar l\u00edderes, empresarios y organizaciones visionarias que dominan las leyes de la mente, la energ\u00eda y la prosperidad.\nVisualizamos un mundo donde la excelencia humana y empresarial se rige por la sabidur\u00eda interior, donde cada decisi\u00f3n nace de la claridad, la intuici\u00f3n y la estrategia consciente.\nNuestra visi\u00f3n es crear una nueva \u00e9lite de consciencia ejecutiva, capaz de liderar con prop\u00f3sito, gestionar con equilibrio y manifestar con poder.\u2028Un movimiento de expansi\u00f3n global que transforme la educaci\u00f3n tradicional en entrenamiento cu\u00e1ntico aplicado al \u00e9xito real, en la vida y en\u00a0los\u00a0negocios.<\/p>\r\n\t\t<\/div>\r\n\r\n\t\t\t\t\t\t<\/div>\n\t\t\t\t<\/div>\n\t\t\t\t\t<\/div>\n\t\t<\/div>\n\t\t\t\t\t<\/div>\n\t\t<\/section>\n\t\t\t\t\t<\/div>\n\t\t<\/div>\n\t\t\t\t\t<\/div>\n\t\t<\/section>\n\t\t\t\t<\/div>","protected":false},"excerpt":{"rendered":"<p>Transformamos Tus Desafios En Historias De Exito Sembramos Confianza En Tus Decisiciones Contactanos! Nuestra Misi\u00f3n Redefinir el concepto de liderazgo humano y empresarial, integrando la sabidur\u00eda financiera, la ciencia de la mente y las leyes universales en un solo sistema de entrenamiento de \u00e9lite. A trav\u00e9s de una formaci\u00f3n integral y avanzada, guiamos a individuos, [&hellip;]<\/p>","protected":false},"author":1,"featured_media":0,"parent":0,"menu_order":0,"comment_status":"closed","ping_status":"closed","template":"page-templates\/template-default.php","meta":{"footnotes":""},"class_list":["post-10601","page","type-page","status-publish","hentry"],"_links":{"self":[{"href":"https:\/\/mentesmaestrasg.com\/en\/wp-json\/wp\/v2\/pages\/10601","targetHints":{"allow":["GET"]}}],"collection":[{"href":"https:\/\/mentesmaestrasg.com\/en\/wp-json\/wp\/v2\/pages"}],"about":[{"href":"https:\/\/mentesmaestrasg.com\/en\/wp-json\/wp\/v2\/types\/page"}],"author":[{"embeddable":true,"href":"https:\/\/mentesmaestrasg.com\/en\/wp-json\/wp\/v2\/users\/1"}],"replies":[{"embeddable":true,"href":"https:\/\/mentesmaestrasg.com\/en\/wp-json\/wp\/v2\/comments?post=10601"}],"version-history":[{"count":109,"href":"https:\/\/mentesmaestrasg.com\/en\/wp-json\/wp\/v2\/pages\/10601\/revisions"}],"predecessor-version":[{"id":19096,"href":"https:\/\/mentesmaestrasg.com\/en\/wp-json\/wp\/v2\/pages\/10601\/revisions\/19096"}],"wp:attachment":[{"href":"https:\/\/mentesmaestrasg.com\/en\/wp-json\/wp\/v2\/media?parent=10601"}],"curies":[{"name":"wp","href":"https:\/\/api.w.org\/{rel}","templated":true}]}}