{"id":10955,"date":"2025-04-14T04:00:20","date_gmt":"2025-04-14T04:00:20","guid":{"rendered":"https:\/\/wp.ditsolution.net\/techno\/?page_id=10955"},"modified":"2025-11-02T19:14:07","modified_gmt":"2025-11-02T19:14:07","slug":"contactanos","status":"publish","type":"page","link":"https:\/\/mentesmaestrasg.com\/en\/contactanos\/","title":{"rendered":"Cont\u00e1ctanos"},"content":{"rendered":"<div data-elementor-type=\"wp-page\" data-elementor-id=\"10955\" class=\"elementor elementor-10955\">\n\t\t\t\t\n\n\t\t<section class=\"elementor-section elementor-top-section elementor-element elementor-element-8dee2ce elementor-section-boxed elementor-section-height-default elementor-section-height-default\" data-id=\"8dee2ce\" data-element_type=\"section\" data-settings=\"{&quot;background_background&quot;:&quot;classic&quot;}\">\n\t\t\t\t\t\t<div class=\"elementor-container elementor-column-gap-default\">\n\t\t\t\t\t<div class=\"elementor-column elementor-col-100 elementor-top-column elementor-element elementor-element-3a11fdc\" data-id=\"3a11fdc\" data-element_type=\"column\">\n\t\t\t<div class=\"elementor-widget-wrap elementor-element-populated\">\n\t\t\t\t\t\t<section class=\"elementor-section elementor-inner-section elementor-element elementor-element-c28aa14 elementor-section-boxed elementor-section-height-default elementor-section-height-default\" data-id=\"c28aa14\" data-element_type=\"section\">\n\t\t\t\t\t\t<div class=\"elementor-container elementor-column-gap-default\">\n\t\t\t\t\t<div class=\"elementor-column elementor-col-100 elementor-inner-column elementor-element elementor-element-2960068\" data-id=\"2960068\" data-element_type=\"column\">\n\t\t\t<div class=\"elementor-widget-wrap elementor-element-populated\">\n\t\t\t\t\n\n\t\t<div class=\"elementor-element elementor-element-46ad5fd elementor-widget elementor-widget-section-title\" data-id=\"46ad5fd\" data-element_type=\"widget\" data-widget_type=\"section-title.default\">\n\t\t\t\t<div class=\"elementor-widget-container\">\n\t\t\t\t\t\r\n\t\t\r\n\t\t\t<div class=\"section-title style1 center\">\r\n\t\t\t\t\t\t\t\t\r\n\t\t\t\t \r\n\t\t\t\t\t<h3 class=\"title\">Cont\u00e1ctanos<\/h3>\r\n\t\t\t\t\t\t\t\t\t\t\t\t\t\t\t\t<div class=\"bar-main\">\r\n\t\t\t\t\t<div class=\"bar bar-big\"><\/div>\r\n\t\t\t\t<\/div>\r\n\t\t\t\t\t\t\t\t \r\n\t\t\t\t\t<p class=\"description\">.<\/p>\r\n\t\t\t\t\t\t\t<\/div>\r\n\r\n\t\t\r\n\t\t\t\t\t\t<\/div>\n\t\t\t\t<\/div>\n\t\t\t\t\t<\/div>\n\t\t<\/div>\n\t\t\t\t\t<\/div>\n\t\t<\/section>\n\t\t\t\t\t<\/div>\n\t\t<\/div>\n\t\t\t\t\t<\/div>\n\t\t<\/section>\n\t\t\t\t<section class=\"elementor-section elementor-top-section elementor-element elementor-element-1007b5e elementor-section-boxed elementor-section-height-default elementor-section-height-default\" data-id=\"1007b5e\" data-element_type=\"section\">\n\t\t\t\t\t\t<div class=\"elementor-container elementor-column-gap-default\">\n\t\t\t\t\t<div class=\"elementor-column elementor-col-100 elementor-top-column elementor-element elementor-element-a890950\" data-id=\"a890950\" data-element_type=\"column\">\n\t\t\t<div class=\"elementor-widget-wrap elementor-element-populated\">\n\t\t\t\t\t\t<section class=\"elementor-section elementor-inner-section elementor-element elementor-element-63da1bb elementor-section-boxed elementor-section-height-default elementor-section-height-default\" data-id=\"63da1bb\" data-element_type=\"section\">\n\t\t\t\t\t\t<div class=\"elementor-container elementor-column-gap-default\">\n\t\t\t\t\t<div class=\"elementor-column elementor-col-33 elementor-inner-column elementor-element elementor-element-ed7ac84\" data-id=\"ed7ac84\" data-element_type=\"column\">\n\t\t\t<div class=\"elementor-widget-wrap elementor-element-populated\">\n\t\t\t\t\t\t<div class=\"elementor-element elementor-element-fb541b8 elementor-widget elementor-widget-feature-box\" data-id=\"fb541b8\" data-element_type=\"widget\" data-widget_type=\"feature-box.default\">\n\t\t\t\t<div class=\"elementor-widget-container\">\n\t\t\t\t\t\r\n\t\t\r\n\t\t\t<div class=\"feature-box style1 style2\">\r\n\t\t\t\t<div class=\"feature-box-icon\">\r\n\t\t\t\t\t\t\t\t\t\t\t<i aria-hidden=\"true\" class=\"flaticon flaticon-mail\"><\/i>\t\t\t\t\t\t\t\t\t<\/div>\t\t\t\r\n\t\t\t\t<div class=\"feature-box-content\">\r\n\t\t\t\t\t<div class=\"feature-number\">\r\n\t\t\t\t\t\t\t\t\t\t\t<\/div>\r\n\t\t\t\t\t<div class=\"feature-box-title\">\r\n\t\t\t\t\t\t \r\n\t\t\t\t\t\t\t<h2>Email Contacto<\/h2>\r\n\t\t\t\t\t\t\t\t\t\t\t<\/div>\r\n\t\t\t\t\t \r\n\t\t\t\t\t\t<p class=\"feature-box-desc\">info@mentesmaestrasg.com<\/p>\r\n\t\t\t\t\t\t\t\t\t\t\t\t\t\t<\/div>\r\n\t\t\t<\/div>\r\n\r\n\t\t\r\n\t\t\t\t\t\t<\/div>\n\t\t\t\t<\/div>\n\t\t\t\t\t<\/div>\n\t\t<\/div>\n\t\t\t\t<div class=\"elementor-column elementor-col-33 elementor-inner-column elementor-element elementor-element-7ae605a\" data-id=\"7ae605a\" data-element_type=\"column\">\n\t\t\t<div class=\"elementor-widget-wrap elementor-element-populated\">\n\t\t\t\t\t\t<div class=\"elementor-element elementor-element-b779d6c elementor-widget elementor-widget-feature-box\" data-id=\"b779d6c\" data-element_type=\"widget\" data-widget_type=\"feature-box.default\">\n\t\t\t\t<div class=\"elementor-widget-container\">\n\t\t\t\t\t\r\n\t\t\r\n\t\t\t<div class=\"feature-box style1 style2\">\r\n\t\t\t\t<div class=\"feature-box-icon\">\r\n\t\t\t\t\t\t\t\t\t\t\t<i aria-hidden=\"true\" class=\"flaticon flaticon-phone-call\"><\/i>\t\t\t\t\t\t\t\t\t<\/div>\t\t\t\r\n\t\t\t\t<div class=\"feature-box-content\">\r\n\t\t\t\t\t<div class=\"feature-number\">\r\n\t\t\t\t\t\t\t\t\t\t\t<\/div>\r\n\t\t\t\t\t<div class=\"feature-box-title\">\r\n\t\t\t\t\t\t \r\n\t\t\t\t\t\t\t<h2>Tel\u00e9fono<\/h2>\r\n\t\t\t\t\t\t\t\t\t\t\t<\/div>\r\n\t\t\t\t\t \r\n\t\t\t\t\t\t<p class=\"feature-box-desc\">+57 317 341 94 44<\/p>\r\n\t\t\t\t\t\t\t\t\t\t\t\t\t\t<\/div>\r\n\t\t\t<\/div>\r\n\r\n\t\t\r\n\t\t\t\t\t\t<\/div>\n\t\t\t\t<\/div>\n\t\t\t\t\t<\/div>\n\t\t<\/div>\n\t\t\t\t<div class=\"elementor-column elementor-col-33 elementor-inner-column elementor-element elementor-element-28f0b75\" data-id=\"28f0b75\" data-element_type=\"column\">\n\t\t\t<div class=\"elementor-widget-wrap elementor-element-populated\">\n\t\t\t\t\t\t<div class=\"elementor-element elementor-element-755389b elementor-widget elementor-widget-image\" data-id=\"755389b\" data-element_type=\"widget\" data-widget_type=\"image.default\">\n\t\t\t\t\t\t\t\t\t\t\t\t\t\t\t<img fetchpriority=\"high\" decoding=\"async\" width=\"1792\" height=\"1024\" src=\"https:\/\/mentesmaestrasg.com\/wp-content\/uploads\/2025\/10\/img2.jpg\" class=\"attachment-full size-full wp-image-18410\" alt=\"\" srcset=\"https:\/\/mentesmaestrasg.com\/wp-content\/uploads\/2025\/10\/img2.jpg 1792w, https:\/\/mentesmaestrasg.com\/wp-content\/uploads\/2025\/10\/img2-600x343.jpg 600w, https:\/\/mentesmaestrasg.com\/wp-content\/uploads\/2025\/10\/img2-300x171.jpg 300w, https:\/\/mentesmaestrasg.com\/wp-content\/uploads\/2025\/10\/img2-1024x585.jpg 1024w, https:\/\/mentesmaestrasg.com\/wp-content\/uploads\/2025\/10\/img2-768x439.jpg 768w, https:\/\/mentesmaestrasg.com\/wp-content\/uploads\/2025\/10\/img2-1536x878.jpg 1536w\" sizes=\"(max-width: 1792px) 100vw, 1792px\" \/>\t\t\t\t\t\t\t\t\t\t\t\t\t\t\t<\/div>\n\t\t\t\t\t<\/div>\n\t\t<\/div>\n\t\t\t\t\t<\/div>\n\t\t<\/section>\n\t\t\t\t<div class=\"elementor-element elementor-element-acab7f8 elementor-widget elementor-widget-spacer\" data-id=\"acab7f8\" data-element_type=\"widget\" data-widget_type=\"spacer.default\">\n\t\t\t\t\t\t\t<div class=\"elementor-spacer\">\n\t\t\t<div class=\"elementor-spacer-inner\"><\/div>\n\t\t<\/div>\n\t\t\t\t\t\t<\/div>\n\t\t\t\t<section class=\"elementor-section elementor-inner-section elementor-element elementor-element-2fb10ac elementor-section-boxed elementor-section-height-default elementor-section-height-default\" data-id=\"2fb10ac\" data-element_type=\"section\">\n\t\t\t\t\t\t<div class=\"elementor-container elementor-column-gap-default\">\n\t\t\t\t\t<div class=\"elementor-column elementor-col-50 elementor-inner-column elementor-element elementor-element-c04d2c8\" data-id=\"c04d2c8\" data-element_type=\"column\">\n\t\t\t<div class=\"elementor-widget-wrap elementor-element-populated\">\n\t\t\t\t\t\t<div class=\"elementor-element elementor-element-8cbd03d elementor-widget elementor-widget-image\" data-id=\"8cbd03d\" data-element_type=\"widget\" data-widget_type=\"image.default\">\n\t\t\t\t\t\t\t\t\t\t\t\t\t\t\t<img decoding=\"async\" width=\"300\" height=\"300\" src=\"https:\/\/mentesmaestrasg.com\/wp-content\/uploads\/2025\/11\/logo_negro-300x300.jpg\" class=\"attachment-medium size-medium wp-image-19049\" alt=\"\" srcset=\"https:\/\/mentesmaestrasg.com\/wp-content\/uploads\/2025\/11\/logo_negro-300x300.jpg 300w, https:\/\/mentesmaestrasg.com\/wp-content\/uploads\/2025\/11\/logo_negro-100x100.jpg 100w, https:\/\/mentesmaestrasg.com\/wp-content\/uploads\/2025\/11\/logo_negro-600x600.jpg 600w, https:\/\/mentesmaestrasg.com\/wp-content\/uploads\/2025\/11\/logo_negro-1024x1024.jpg 1024w, https:\/\/mentesmaestrasg.com\/wp-content\/uploads\/2025\/11\/logo_negro-150x150.jpg 150w, https:\/\/mentesmaestrasg.com\/wp-content\/uploads\/2025\/11\/logo_negro-768x768.jpg 768w, https:\/\/mentesmaestrasg.com\/wp-content\/uploads\/2025\/11\/logo_negro-450x450.jpg 450w, https:\/\/mentesmaestrasg.com\/wp-content\/uploads\/2025\/11\/logo_negro-106x106.jpg 106w, https:\/\/mentesmaestrasg.com\/wp-content\/uploads\/2025\/11\/logo_negro-560x560.jpg 560w, https:\/\/mentesmaestrasg.com\/wp-content\/uploads\/2025\/11\/logo_negro-80x80.jpg 80w, https:\/\/mentesmaestrasg.com\/wp-content\/uploads\/2025\/11\/logo_negro.jpg 1284w\" sizes=\"(max-width: 300px) 100vw, 300px\" \/>\t\t\t\t\t\t\t\t\t\t\t\t\t\t\t<\/div>\n\t\t\t\t\t<\/div>\n\t\t<\/div>\n\t\t\t\t<div class=\"elementor-column elementor-col-50 elementor-inner-column elementor-element elementor-element-8d480d3\" data-id=\"8d480d3\" data-element_type=\"column\">\n\t\t\t<div class=\"elementor-widget-wrap elementor-element-populated\">\n\t\t\t\t\t\t<section class=\"elementor-section elementor-inner-section elementor-element elementor-element-5fd4980 elementor-section-boxed elementor-section-height-default elementor-section-height-default\" data-id=\"5fd4980\" data-element_type=\"section\">\n\t\t\t\t\t\t<div class=\"elementor-container elementor-column-gap-default\">\n\t\t\t\t\t<div class=\"elementor-column elementor-col-100 elementor-inner-column elementor-element elementor-element-ba2164d\" data-id=\"ba2164d\" data-element_type=\"column\">\n\t\t\t<div class=\"elementor-widget-wrap elementor-element-populated\">\n\t\t\t\t\t\t<div class=\"elementor-element elementor-element-116201e elementor-widget elementor-widget-simple-heading\" data-id=\"116201e\" data-element_type=\"widget\" data-widget_type=\"simple-heading.default\">\n\t\t\t\t<div class=\"elementor-widget-container\">\n\t\t\t\t\t        \t\t<div class=\"heading style1\">\r\n\t\t\t<h3 class=\"heading-text\">Env\u00edanos tu inquietud<\/h3>\r\n\t\t<\/div>\r\n\r\n\t\t\t\t\t\t<\/div>\n\t\t\t\t<\/div>\n\t\t\t\t<div class=\"elementor-element elementor-element-e160409 elementor-widget elementor-widget-shortcode\" data-id=\"e160409\" data-element_type=\"widget\" data-widget_type=\"shortcode.default\">\n\t\t\t\t\t\t\t<div class=\"elementor-shortcode\">\n<div class=\"wpcf7 no-js\" id=\"wpcf7-f1158-o1\" lang=\"en-US\" dir=\"ltr\" data-wpcf7-id=\"1158\">\n<div class=\"screen-reader-response\"><p role=\"status\" aria-live=\"polite\" aria-atomic=\"true\"><\/p> <ul><\/ul><\/div>\n<form action=\"\/en\/wp-json\/wp\/v2\/pages\/10955#wpcf7-f1158-o1\" method=\"post\" class=\"wpcf7-form init\" aria-label=\"Contact form\" novalidate=\"novalidate\" data-status=\"init\" data-trp-original-action=\"\/en\/wp-json\/wp\/v2\/pages\/10955#wpcf7-f1158-o1\">\n<fieldset class=\"hidden-fields-container\"><input type=\"hidden\" name=\"_wpcf7\" value=\"1158\" \/><input type=\"hidden\" name=\"_wpcf7_version\" value=\"6.1.3\" \/><input type=\"hidden\" name=\"_wpcf7_locale\" value=\"en_US\" \/><input type=\"hidden\" name=\"_wpcf7_unit_tag\" value=\"wpcf7-f1158-o1\" \/><input type=\"hidden\" name=\"_wpcf7_container_post\" value=\"0\" \/><input type=\"hidden\" name=\"_wpcf7_posted_data_hash\" value=\"\" \/>\n<\/fieldset>\n<div class=\"form-area main-contact-two\">\n\t<div class=\"form-inner\">\n\t\t<div class=\"form-controls row\">\n\t\t\t<div class=\"col-md-6\">\n\t\t\t\t<div class=\"form-group\">\n\t\t\t\t\t<p><span class=\"wpcf7-form-control-wrap\" data-name=\"sub\"><input size=\"40\" maxlength=\"400\" class=\"wpcf7-form-control wpcf7-text wpcf7-validates-as-required form-control\" aria-required=\"true\" aria-invalid=\"false\" placeholder=\"Name\" value=\"\" type=\"text\" name=\"sub\" \/><\/span>\n\t\t\t\t\t<\/p>\n\t\t\t\t<\/div>\n\t\t\t<\/div>\n\t\t\t<div class=\"col-md-6\">\n\t\t\t\t<div class=\"form-group\">\n\t\t\t\t\t<p><span class=\"wpcf7-form-control-wrap\" data-name=\"sub2\"><input size=\"40\" maxlength=\"400\" class=\"wpcf7-form-control wpcf7-email wpcf7-validates-as-required wpcf7-text wpcf7-validates-as-email form-control\" aria-required=\"true\" aria-invalid=\"false\" placeholder=\"Email\" value=\"\" type=\"email\" name=\"sub2\" \/><\/span>\n\t\t\t\t\t<\/p>\n\t\t\t\t<\/div>\n\t\t\t<\/div>\n\t\t\t<div class=\"col-md-6\">\n\t\t\t\t<div class=\"form-group\">\n\t\t\t\t\t<p><span class=\"wpcf7-form-control-wrap\" data-name=\"sub3\"><input size=\"40\" maxlength=\"400\" class=\"wpcf7-form-control wpcf7-text wpcf7-validates-as-required form-control\" aria-required=\"true\" aria-invalid=\"false\" placeholder=\"Phone\" value=\"\" type=\"text\" name=\"sub3\" \/><\/span>\n\t\t\t\t\t<\/p>\n\t\t\t\t<\/div>\n\t\t\t<\/div>\n\t\t\t<div class=\"col-md-6\">\n\t\t\t\t<div class=\"form-group\">\n\t\t\t\t\t<p><span class=\"wpcf7-form-control-wrap\" data-name=\"sub4\"><input size=\"40\" maxlength=\"400\" class=\"wpcf7-form-control wpcf7-text form-control\" aria-invalid=\"false\" placeholder=\"Website\" value=\"\" type=\"text\" name=\"sub4\" \/><\/span>\n\t\t\t\t\t<\/p>\n\t\t\t\t<\/div>\n\t\t\t<\/div>\n\t\t\t<div class=\"col-md-12\">\n\t\t\t\t<div class=\"form-group\">\n\t\t\t\t\t<p><span class=\"wpcf7-form-control-wrap\" data-name=\"textarea-234\"><textarea cols=\"20\" rows=\"7\" maxlength=\"2000\" class=\"wpcf7-form-control wpcf7-textarea form-control\" aria-invalid=\"false\" placeholder=\"Your Message\" name=\"textarea-234\"><\/textarea><\/span>\n\t\t\t\t\t<\/p>\n\t\t\t\t<\/div>\n\t\t\t<\/div>\n\t\t\t<div class=\"col-md-12\">\n\t\t\t\t<div class=\"form-group\">\n\t\t\t\t\t<div class=\"buttons\">\n\t\t\t\t\t\t<p><input class=\"wpcf7-form-control wpcf7-submit has-spinner button\" type=\"submit\" value=\"Free Consultancy\" \/>\n\t\t\t\t\t\t<\/p>\n\t\t\t\t\t<\/div>\n\t\t\t\t<\/div>\n\t\t\t<\/div>\n\t\t<\/div>\n\t<\/div>\n<\/div><div class=\"wpcf7-response-output\" aria-hidden=\"true\"><\/div>\n<input type=\"hidden\" name=\"trp-form-language\" value=\"en\"\/><\/form>\n<\/div>\n<\/div>\n\t\t\t\t\t\t<\/div>\n\t\t\t\t\t<\/div>\n\t\t<\/div>\n\t\t\t\t\t<\/div>\n\t\t<\/section>\n\t\t\t\t\t<\/div>\n\t\t<\/div>\n\t\t\t\t\t<\/div>\n\t\t<\/section>\n\t\t\t\t\t<\/div>\n\t\t<\/div>\n\t\t\t\t\t<\/div>\n\t\t<\/section>\n\t\t\t\t<\/div>","protected":false},"excerpt":{"rendered":"<p>Cont\u00e1ctanos . Email Contacto info@mentesmaestrasg.com Tel\u00e9fono +57 317 341 94 44 Env\u00edanos tu inquietud<\/p>","protected":false},"author":1,"featured_media":0,"parent":0,"menu_order":0,"comment_status":"closed","ping_status":"closed","template":"page-templates\/template-default.php","meta":{"footnotes":""},"class_list":["post-10955","page","type-page","status-publish","hentry"],"_links":{"self":[{"href":"https:\/\/mentesmaestrasg.com\/en\/wp-json\/wp\/v2\/pages\/10955","targetHints":{"allow":["GET"]}}],"collection":[{"href":"https:\/\/mentesmaestrasg.com\/en\/wp-json\/wp\/v2\/pages"}],"about":[{"href":"https:\/\/mentesmaestrasg.com\/en\/wp-json\/wp\/v2\/types\/page"}],"author":[{"embeddable":true,"href":"https:\/\/mentesmaestrasg.com\/en\/wp-json\/wp\/v2\/users\/1"}],"replies":[{"embeddable":true,"href":"https:\/\/mentesmaestrasg.com\/en\/wp-json\/wp\/v2\/comments?post=10955"}],"version-history":[{"count":34,"href":"https:\/\/mentesmaestrasg.com\/en\/wp-json\/wp\/v2\/pages\/10955\/revisions"}],"predecessor-version":[{"id":19070,"href":"https:\/\/mentesmaestrasg.com\/en\/wp-json\/wp\/v2\/pages\/10955\/revisions\/19070"}],"wp:attachment":[{"href":"https:\/\/mentesmaestrasg.com\/en\/wp-json\/wp\/v2\/media?parent=10955"}],"curies":[{"name":"wp","href":"https:\/\/api.w.org\/{rel}","templated":true}]}}