{"id":18606,"date":"2025-10-31T21:34:05","date_gmt":"2025-10-31T21:34:05","guid":{"rendered":"https:\/\/mentesmaestrasg.com\/?page_id=18606"},"modified":"2025-10-31T21:39:31","modified_gmt":"2025-10-31T21:39:31","slug":"brujula-numerica-tu-mapa-numerologico","status":"publish","type":"page","link":"https:\/\/mentesmaestrasg.com\/en\/brujula-numerica-tu-mapa-numerologico\/","title":{"rendered":"Br\u00fajula Num\u00e9rica &#8211; Tu Mapa Numerol\u00f3gico"},"content":{"rendered":"<div data-elementor-type=\"wp-page\" data-elementor-id=\"18606\" class=\"elementor elementor-18606\">\n\t\t\t\t\n\n\t\t<section class=\"elementor-section elementor-top-section elementor-element elementor-element-a420d59 elementor-section-boxed elementor-section-height-default elementor-section-height-default\" data-id=\"a420d59\" data-element_type=\"section\">\n\t\t\t\t\t\t<div class=\"elementor-container elementor-column-gap-default\">\n\t\t\t\t\t<div class=\"elementor-column elementor-col-100 elementor-top-column elementor-element elementor-element-ec54ec8\" data-id=\"ec54ec8\" data-element_type=\"column\">\n\t\t\t<div class=\"elementor-widget-wrap elementor-element-populated\">\n\t\t\t\t\t\t<div class=\"elementor-element elementor-element-5b7471f elementor-widget elementor-widget-spacer\" data-id=\"5b7471f\" data-element_type=\"widget\" data-widget_type=\"spacer.default\">\n\t\t\t\t\t\t\t<div class=\"elementor-spacer\">\n\t\t\t<div class=\"elementor-spacer-inner\"><\/div>\n\t\t<\/div>\n\t\t\t\t\t\t<\/div>\n\t\t\t\t<section class=\"elementor-section elementor-inner-section elementor-element elementor-element-d1ed473 elementor-section-content-middle elementor-section-boxed elementor-section-height-default elementor-section-height-default\" data-id=\"d1ed473\" data-element_type=\"section\">\n\t\t\t\t\t\t<div class=\"elementor-container elementor-column-gap-default\">\n\t\t\t\t\t<div class=\"elementor-column elementor-col-50 elementor-inner-column elementor-element elementor-element-5ea958c\" data-id=\"5ea958c\" data-element_type=\"column\">\n\t\t\t<div class=\"elementor-widget-wrap elementor-element-populated\">\n\t\t\t\t\t\t<div class=\"elementor-element elementor-element-ecab14c elementor-widget elementor-widget-image\" data-id=\"ecab14c\" data-element_type=\"widget\" data-widget_type=\"image.default\">\n\t\t\t\t\t\t\t\t\t\t\t\t\t\t\t<img fetchpriority=\"high\" decoding=\"async\" width=\"1024\" height=\"1024\" src=\"https:\/\/mentesmaestrasg.com\/wp-content\/uploads\/2025\/10\/BRn.jpg\" class=\"attachment-full size-full wp-image-18608\" alt=\"\" srcset=\"https:\/\/mentesmaestrasg.com\/wp-content\/uploads\/2025\/10\/BRn.jpg 1024w, https:\/\/mentesmaestrasg.com\/wp-content\/uploads\/2025\/10\/BRn-300x300.jpg 300w, https:\/\/mentesmaestrasg.com\/wp-content\/uploads\/2025\/10\/BRn-100x100.jpg 100w, https:\/\/mentesmaestrasg.com\/wp-content\/uploads\/2025\/10\/BRn-600x600.jpg 600w, https:\/\/mentesmaestrasg.com\/wp-content\/uploads\/2025\/10\/BRn-150x150.jpg 150w, https:\/\/mentesmaestrasg.com\/wp-content\/uploads\/2025\/10\/BRn-768x768.jpg 768w, https:\/\/mentesmaestrasg.com\/wp-content\/uploads\/2025\/10\/BRn-450x450.jpg 450w, https:\/\/mentesmaestrasg.com\/wp-content\/uploads\/2025\/10\/BRn-106x106.jpg 106w, https:\/\/mentesmaestrasg.com\/wp-content\/uploads\/2025\/10\/BRn-560x560.jpg 560w, https:\/\/mentesmaestrasg.com\/wp-content\/uploads\/2025\/10\/BRn-80x80.jpg 80w\" sizes=\"(max-width: 1024px) 100vw, 1024px\" \/>\t\t\t\t\t\t\t\t\t\t\t\t\t\t\t<\/div>\n\t\t\t\t\t<\/div>\n\t\t<\/div>\n\t\t\t\t<div class=\"elementor-column elementor-col-50 elementor-inner-column elementor-element elementor-element-3b88284\" data-id=\"3b88284\" data-element_type=\"column\">\n\t\t\t<div class=\"elementor-widget-wrap elementor-element-populated\">\n\t\t\t\t\t\t<section class=\"elementor-section elementor-inner-section elementor-element elementor-element-89f3a35 elementor-section-boxed elementor-section-height-default elementor-section-height-default\" data-id=\"89f3a35\" data-element_type=\"section\">\n\t\t\t\t\t\t<div class=\"elementor-container elementor-column-gap-default\">\n\t\t\t\t\t<div class=\"elementor-column elementor-col-100 elementor-inner-column elementor-element elementor-element-395d9b1\" data-id=\"395d9b1\" data-element_type=\"column\">\n\t\t\t<div class=\"elementor-widget-wrap elementor-element-populated\">\n\t\t\t\t\n\n\t\t<div class=\"elementor-element elementor-element-1ac06b5 elementor-widget elementor-widget-section-title\" data-id=\"1ac06b5\" data-element_type=\"widget\" data-widget_type=\"section-title.default\">\n\t\t\t\t<div class=\"elementor-widget-container\">\n\t\t\t\t\t\r\n\t\t\r\n\t\t\t<div class=\"section-title style1 left\">\r\n\t\t\t\t \r\n\t\t\t\t\t<h5 class=\"subtitle\">Nombre del producto :<\/h5>\r\n\t\t\t\t\t\t\t\t\r\n\t\t\t\t \r\n\t\t\t\t\t<h3 class=\"title\">BR\u00daJULA NUMERICA- Tu Mapa Numerol\u00f3gico<\/h3>\r\n\t\t\t\t\t\t\t\t\t\t\t\t\t\t\t\t\t\t\t<\/div>\r\n\r\n\t\t\r\n\t\t\t\t\t\t<\/div>\n\t\t\t\t<\/div>\n\t\t\t\t\t<\/div>\n\t\t<\/div>\n\t\t\t\t\t<\/div>\n\t\t<\/section>\n\t\t\t\t<div class=\"elementor-element elementor-element-c3fa86b elementor-widget elementor-widget-spacer\" data-id=\"c3fa86b\" data-element_type=\"widget\" data-widget_type=\"spacer.default\">\n\t\t\t\t\t\t\t<div class=\"elementor-spacer\">\n\t\t\t<div class=\"elementor-spacer-inner\"><\/div>\n\t\t<\/div>\n\t\t\t\t\t\t<\/div>\n\t\t\t\t<div class=\"elementor-element elementor-element-bb54577 elementor-widget elementor-widget-text-editor\" data-id=\"bb54577\" data-element_type=\"widget\" data-widget_type=\"text-editor.default\">\n\t\t\t\t\t\t\t\t\t<p>Categor\u00eda : lectura &#8211; Gu\u00eda<br \/>Tipo de cliente : Todos<br \/>Modalidad : Presencial \/ virtual <br \/>Estructura :<\/p><p>Descubre el Poder de tus n\u00fameros en tiempo real <br \/>Este servicio exclusivo te ofrece una radiograf\u00eda precisa y en tiempo real de las energ\u00edas que te rigen. Utilizando tu fecha de nacimiento completa, la numerolog\u00eda se convierte en tu br\u00fajula estrat\u00e9gica para el gran periodo de vida en el que te encuentras.<\/p><p>\u00bfQu\u00e9 vamos a descubrir Juntos?:<br \/>\u2728Tu A\u00f1o Personal (Ciclo de 9 a\u00f1os): Entender\u00e1s la inclinaci\u00f3n energ\u00e9tica dominante que afecta tus finanzas, relaciones y vida personal durante este a\u00f1o.<br \/>\u2728El A\u00f1o Universal: Identificaremos la tendencia colectiva global para que puedas alinear tus acciones con el flujo general.<br \/>\u2728Tu Pin\u00e1culo o Gran Ciclo de Vida: Conocer\u00e1s que determina este periodo y el tema central de lo que est\u00e1s viviendo actualmente para enfocar mejor tu energ\u00eda y decisiones en tiempo real y a mediano plazo.<br \/>Beneficios de esta lectura:<br \/>\u2728Obtendr\u00e1s claridad sobre qu\u00e9 proyectos impulsar (y cu\u00e1les aplazar), cu\u00e1ndo es el momento ideal para iniciar cambios significativos y cu\u00e1ndo es mejor la introspecci\u00f3n.<br \/>\u2728Recibir\u00e1s una gu\u00eda detallada sobre c\u00f3mo fluir con la energ\u00eda disponible para tu mayor bien.<br \/>\u2728Aprender\u00e1s a moverte durante este periodo de forma que beneficie no solo a ti, sino a todos los involucrados en tu entorno personal y profesional.<br \/>El tiempo es tu mayor activo, aprov\u00e9chalo y mu\u00e9vete con prop\u00f3sito para lograr mejores resultados con menor esfuerzo y mayor impacto.<\/p>\t\t\t\t\t\t\t\t<\/div>\n\t\t\t\t<section class=\"elementor-section elementor-inner-section elementor-element elementor-element-23810e2 elementor-section-content-middle elementor-section-boxed elementor-section-height-default elementor-section-height-default\" data-id=\"23810e2\" data-element_type=\"section\">\n\t\t\t\t\t\t<div class=\"elementor-container elementor-column-gap-default\">\n\t\t\t\t\t<div class=\"elementor-column elementor-col-50 elementor-inner-column elementor-element elementor-element-d575020\" data-id=\"d575020\" data-element_type=\"column\">\n\t\t\t<div class=\"elementor-widget-wrap elementor-element-populated\">\n\t\t\t\t\t\t<div class=\"elementor-element elementor-element-ffe521e elementor-align-center elementor-tablet-align-center elementor-mobile-align-center elementor-widget elementor-widget-button\" data-id=\"ffe521e\" data-element_type=\"widget\" data-widget_type=\"button.default\">\n\t\t\t\t\t\t\t\t\t\t<a class=\"elementor-button elementor-button-link elementor-size-sm\" href=\"https:\/\/wa.me\/573196826850?text=Quiero%20mas%20informacion.\">\n\t\t\t\t\t\t<span class=\"elementor-button-content-wrapper\">\n\t\t\t\t\t\t<span class=\"elementor-button-icon\">\n\t\t\t\t<svg aria-hidden=\"true\" class=\"e-font-icon-svg e-fab-whatsapp\" viewbox=\"0 0 448 512\" xmlns=\"http:\/\/www.w3.org\/2000\/svg\"><path d=\"M380.9 97.1C339 55.1 283.2 32 223.9 32c-122.4 0-222 99.6-222 222 0 39.1 10.2 77.3 29.6 111L0 480l117.7-30.9c32.4 17.7 68.9 27 106.1 27h.1c122.3 0 224.1-99.6 224.1-222 0-59.3-25.2-115-67.1-157zm-157 341.6c-33.2 0-65.7-8.9-94-25.7l-6.7-4-69.8 18.3L72 359.2l-4.4-7c-18.5-29.4-28.2-63.3-28.2-98.2 0-101.7 82.8-184.5 184.6-184.5 49.3 0 95.6 19.2 130.4 54.1 34.8 34.9 56.2 81.2 56.1 130.5 0 101.8-84.9 184.6-186.6 184.6zm101.2-138.2c-5.5-2.8-32.8-16.2-37.9-18-5.1-1.9-8.8-2.8-12.5 2.8-3.7 5.6-14.3 18-17.6 21.8-3.2 3.7-6.5 4.2-12 1.4-32.6-16.3-54-29.1-75.5-66-5.7-9.8 5.7-9.1 16.3-30.3 1.8-3.7.9-6.9-.5-9.7-1.4-2.8-12.5-30.1-17.1-41.2-4.5-10.8-9.1-9.3-12.5-9.5-3.2-.2-6.9-.2-10.6-.2-3.7 0-9.7 1.4-14.8 6.9-5.1 5.6-19.4 19-19.4 46.3 0 27.3 19.9 53.7 22.6 57.4 2.8 3.7 39.1 59.7 94.8 83.8 35.2 15.2 49 16.5 66.6 13.9 10.7-1.6 32.8-13.4 37.4-26.4 4.6-13 4.6-24.1 3.2-26.4-1.3-2.5-5-3.9-10.5-6.6z\"><\/path><\/svg>\t\t\t<\/span>\n\t\t\t\t\t\t\t\t\t<span class=\"elementor-button-text\">WhatsApp<\/span>\n\t\t\t\t\t<\/span>\n\t\t\t\t\t<\/a>\n\t\t\t\t\t\t\t\t<\/div>\n\t\t\t\t<div class=\"elementor-element elementor-element-fed3696 elementor-hidden-desktop elementor-hidden-tablet elementor-widget elementor-widget-spacer\" data-id=\"fed3696\" data-element_type=\"widget\" data-widget_type=\"spacer.default\">\n\t\t\t\t\t\t\t<div class=\"elementor-spacer\">\n\t\t\t<div class=\"elementor-spacer-inner\"><\/div>\n\t\t<\/div>\n\t\t\t\t\t\t<\/div>\n\t\t\t\t\t<\/div>\n\t\t<\/div>\n\t\t\t\t<div class=\"elementor-column elementor-col-50 elementor-inner-column elementor-element elementor-element-5abe53a\" data-id=\"5abe53a\" data-element_type=\"column\">\n\t\t\t<div class=\"elementor-widget-wrap elementor-element-populated\">\n\t\t\t\t\t\t<div class=\"elementor-element elementor-element-e81c71d elementor-widget elementor-widget-iconbox\" data-id=\"e81c71d\" data-element_type=\"widget\" data-widget_type=\"iconbox.default\">\n\t\t\t\t<div class=\"elementor-widget-container\">\n\t\t\t\t\t\n\t\t\t\t<div class=\"icon-box style7\">\n\t\t\t<div class=\"icon-box-icon\">\n\t\t\t\t\t\t\t\t<div class=\"icon\">\n\t\t\t\t\t<i class=\"flaticon flaticon-phone-call\"><\/i>\n\t\t\t\t<\/div>\n\t\t\t\t\t\t\t<\/div>\n\t\t\t<div class=\"icon-box-content\">\n\t\t\t\t<div class=\"title\">\n\t\t\t\t\t \n\t\t\t\t\t\t<h2>Contacto Directo<\/h2>\n\t\t\t\t\t\t\t\t\t<\/div>\n\t\t\t\t<div class=\"description\">\n\t\t\t\t\t \n\t\t\t\t\t\t<p>+573196826850<\/p>\n\t\t\t\t\t\t\t\t\t<\/div>\n\t\t\t<\/div>\n\t\t<\/div>\n\t\t\n\t\t\t\t\t\t<\/div>\n\t\t\t\t<\/div>\n\t\t\t\t\t<\/div>\n\t\t<\/div>\n\t\t\t\t\t<\/div>\n\t\t<\/section>\n\t\t\t\t\t<\/div>\n\t\t<\/div>\n\t\t\t\t\t<\/div>\n\t\t<\/section>\n\t\t\t\t<div class=\"elementor-element elementor-element-05a1056 elementor-widget elementor-widget-spacer\" data-id=\"05a1056\" data-element_type=\"widget\" data-widget_type=\"spacer.default\">\n\t\t\t\t\t\t\t<div class=\"elementor-spacer\">\n\t\t\t<div class=\"elementor-spacer-inner\"><\/div>\n\t\t<\/div>\n\t\t\t\t\t\t<\/div>\n\t\t\t\t\t<\/div>\n\t\t<\/div>\n\t\t\t\t\t<\/div>\n\t\t<\/section>\n\t\t\t\t<\/div>","protected":false},"excerpt":{"rendered":"<p>Nombre del producto : BR\u00daJULA NUMERICA- Tu Mapa Numerol\u00f3gico Categor\u00eda : lectura &#8211; Gu\u00edaTipo de cliente : TodosModalidad : Presencial \/ virtual Estructura : Descubre el Poder de tus n\u00fameros en tiempo real Este servicio exclusivo te ofrece una radiograf\u00eda precisa y en tiempo real de las energ\u00edas que te rigen. Utilizando tu fecha de [&hellip;]<\/p>","protected":false},"author":1,"featured_media":0,"parent":0,"menu_order":0,"comment_status":"closed","ping_status":"closed","template":"page-templates\/template-default.php","meta":{"footnotes":""},"class_list":["post-18606","page","type-page","status-publish","hentry"],"_links":{"self":[{"href":"https:\/\/mentesmaestrasg.com\/en\/wp-json\/wp\/v2\/pages\/18606","targetHints":{"allow":["GET"]}}],"collection":[{"href":"https:\/\/mentesmaestrasg.com\/en\/wp-json\/wp\/v2\/pages"}],"about":[{"href":"https:\/\/mentesmaestrasg.com\/en\/wp-json\/wp\/v2\/types\/page"}],"author":[{"embeddable":true,"href":"https:\/\/mentesmaestrasg.com\/en\/wp-json\/wp\/v2\/users\/1"}],"replies":[{"embeddable":true,"href":"https:\/\/mentesmaestrasg.com\/en\/wp-json\/wp\/v2\/comments?post=18606"}],"version-history":[{"count":7,"href":"https:\/\/mentesmaestrasg.com\/en\/wp-json\/wp\/v2\/pages\/18606\/revisions"}],"predecessor-version":[{"id":18614,"href":"https:\/\/mentesmaestrasg.com\/en\/wp-json\/wp\/v2\/pages\/18606\/revisions\/18614"}],"wp:attachment":[{"href":"https:\/\/mentesmaestrasg.com\/en\/wp-json\/wp\/v2\/media?parent=18606"}],"curies":[{"name":"wp","href":"https:\/\/api.w.org\/{rel}","templated":true}]}}