{"id":18637,"date":"2025-11-01T16:49:56","date_gmt":"2025-11-01T16:49:56","guid":{"rendered":"https:\/\/mentesmaestrasg.com\/?page_id=18637"},"modified":"2025-11-01T16:55:41","modified_gmt":"2025-11-01T16:55:41","slug":"asesoria-financiera-empresarial","status":"publish","type":"page","link":"https:\/\/mentesmaestrasg.com\/en\/asesoria-financiera-empresarial\/","title":{"rendered":"Asesor\u00eda Financiera Empresarial"},"content":{"rendered":"<div data-elementor-type=\"wp-page\" data-elementor-id=\"18637\" class=\"elementor elementor-18637\">\n\t\t\t\t\n\n\t\t<section class=\"elementor-section elementor-top-section elementor-element elementor-element-a420d59 elementor-section-boxed elementor-section-height-default elementor-section-height-default\" data-id=\"a420d59\" data-element_type=\"section\">\n\t\t\t\t\t\t<div class=\"elementor-container elementor-column-gap-default\">\n\t\t\t\t\t<div class=\"elementor-column elementor-col-100 elementor-top-column elementor-element elementor-element-ec54ec8\" data-id=\"ec54ec8\" data-element_type=\"column\">\n\t\t\t<div class=\"elementor-widget-wrap elementor-element-populated\">\n\t\t\t\t\t\t<div class=\"elementor-element elementor-element-5b7471f elementor-widget elementor-widget-spacer\" data-id=\"5b7471f\" data-element_type=\"widget\" data-widget_type=\"spacer.default\">\n\t\t\t\t\t\t\t<div class=\"elementor-spacer\">\n\t\t\t<div class=\"elementor-spacer-inner\"><\/div>\n\t\t<\/div>\n\t\t\t\t\t\t<\/div>\n\t\t\t\t<section class=\"elementor-section elementor-inner-section elementor-element elementor-element-d1ed473 elementor-section-content-middle elementor-section-boxed elementor-section-height-default elementor-section-height-default\" data-id=\"d1ed473\" data-element_type=\"section\">\n\t\t\t\t\t\t<div class=\"elementor-container elementor-column-gap-default\">\n\t\t\t\t\t<div class=\"elementor-column elementor-col-50 elementor-inner-column elementor-element elementor-element-5ea958c\" data-id=\"5ea958c\" data-element_type=\"column\">\n\t\t\t<div class=\"elementor-widget-wrap elementor-element-populated\">\n\t\t\t\t\t\t<div class=\"elementor-element elementor-element-ecab14c elementor-widget elementor-widget-image\" data-id=\"ecab14c\" data-element_type=\"widget\" data-widget_type=\"image.default\">\n\t\t\t\t\t\t\t\t\t\t\t\t\t\t\t<img fetchpriority=\"high\" decoding=\"async\" width=\"1024\" height=\"1024\" src=\"https:\/\/mentesmaestrasg.com\/wp-content\/uploads\/2025\/11\/infe.jpg\" class=\"attachment-full size-full wp-image-18645\" alt=\"\" srcset=\"https:\/\/mentesmaestrasg.com\/wp-content\/uploads\/2025\/11\/infe.jpg 1024w, https:\/\/mentesmaestrasg.com\/wp-content\/uploads\/2025\/11\/infe-300x300.jpg 300w, https:\/\/mentesmaestrasg.com\/wp-content\/uploads\/2025\/11\/infe-100x100.jpg 100w, https:\/\/mentesmaestrasg.com\/wp-content\/uploads\/2025\/11\/infe-600x600.jpg 600w, https:\/\/mentesmaestrasg.com\/wp-content\/uploads\/2025\/11\/infe-150x150.jpg 150w, https:\/\/mentesmaestrasg.com\/wp-content\/uploads\/2025\/11\/infe-768x768.jpg 768w, https:\/\/mentesmaestrasg.com\/wp-content\/uploads\/2025\/11\/infe-450x450.jpg 450w, https:\/\/mentesmaestrasg.com\/wp-content\/uploads\/2025\/11\/infe-106x106.jpg 106w, https:\/\/mentesmaestrasg.com\/wp-content\/uploads\/2025\/11\/infe-560x560.jpg 560w, https:\/\/mentesmaestrasg.com\/wp-content\/uploads\/2025\/11\/infe-80x80.jpg 80w\" sizes=\"(max-width: 1024px) 100vw, 1024px\" \/>\t\t\t\t\t\t\t\t\t\t\t\t\t\t\t<\/div>\n\t\t\t\t\t<\/div>\n\t\t<\/div>\n\t\t\t\t<div class=\"elementor-column elementor-col-50 elementor-inner-column elementor-element elementor-element-3b88284\" data-id=\"3b88284\" data-element_type=\"column\">\n\t\t\t<div class=\"elementor-widget-wrap elementor-element-populated\">\n\t\t\t\t\t\t<section class=\"elementor-section elementor-inner-section elementor-element elementor-element-89f3a35 elementor-section-boxed elementor-section-height-default elementor-section-height-default\" data-id=\"89f3a35\" data-element_type=\"section\">\n\t\t\t\t\t\t<div class=\"elementor-container elementor-column-gap-default\">\n\t\t\t\t\t<div class=\"elementor-column elementor-col-100 elementor-inner-column elementor-element elementor-element-395d9b1\" data-id=\"395d9b1\" data-element_type=\"column\">\n\t\t\t<div class=\"elementor-widget-wrap elementor-element-populated\">\n\t\t\t\t\n\n\t\t<div class=\"elementor-element elementor-element-1ac06b5 elementor-widget elementor-widget-section-title\" data-id=\"1ac06b5\" data-element_type=\"widget\" data-widget_type=\"section-title.default\">\n\t\t\t\t<div class=\"elementor-widget-container\">\n\t\t\t\t\t\r\n\t\t\r\n\t\t\t<div class=\"section-title style1 left\">\r\n\t\t\t\t \r\n\t\t\t\t\t<h5 class=\"subtitle\">Nombre del producto :<\/h5>\r\n\t\t\t\t\t\t\t\t\r\n\t\t\t\t \r\n\t\t\t\t\t<h3 class=\"title\">Asesor\u00eda Financiera Empresarial<\/h3>\r\n\t\t\t\t\t\t\t\t\t\t\t\t\t\t\t\t\t\t\t<\/div>\r\n\r\n\t\t\r\n\t\t\t\t\t\t<\/div>\n\t\t\t\t<\/div>\n\t\t\t\t\t<\/div>\n\t\t<\/div>\n\t\t\t\t\t<\/div>\n\t\t<\/section>\n\t\t\t\t<div class=\"elementor-element elementor-element-c3fa86b elementor-widget elementor-widget-spacer\" data-id=\"c3fa86b\" data-element_type=\"widget\" data-widget_type=\"spacer.default\">\n\t\t\t\t\t\t\t<div class=\"elementor-spacer\">\n\t\t\t<div class=\"elementor-spacer-inner\"><\/div>\n\t\t<\/div>\n\t\t\t\t\t\t<\/div>\n\t\t\t\t<div class=\"elementor-element elementor-element-bb54577 elementor-widget elementor-widget-text-editor\" data-id=\"bb54577\" data-element_type=\"widget\" data-widget_type=\"text-editor.default\">\n\t\t\t\t\t\t\t\t\t<p>Categor\u00eda : Estudio Empresarial<br \/>Tipo de cliente : Empresarial<br \/>Modalidad : Presencial \/ virtual <br \/>Estructura : <br \/>Claridad de Ruta y es Saber exactamente d\u00f3nde enfocar los recursos y esfuerzos para maximizar el crecimiento, Optimizaci\u00f3n de Recursos, tu empresa podr\u00e1 ser m\u00e1s productiva sin contratar m\u00e1s personal, reduciendo gastos innecesarios. Convierte tu facturaci\u00f3n alta en beneficio neto incluido expension, inversion y excedente de efectivo en el mismo punto de equilibrio y cumplimiento de metas asegurando la sostenibilidad a largo plazo con grande ROI.<\/p><p>Asesor\u00eda sobre la integraci\u00f3n de nuevas tecnolog\u00edas o sistemas (CRM, ERP, IA) que automaticen tareas y mejoren la interacci\u00f3n general de productividad.<\/p>\t\t\t\t\t\t\t\t<\/div>\n\t\t\t\t<section class=\"elementor-section elementor-inner-section elementor-element elementor-element-23810e2 elementor-section-content-middle elementor-section-boxed elementor-section-height-default elementor-section-height-default\" data-id=\"23810e2\" data-element_type=\"section\">\n\t\t\t\t\t\t<div class=\"elementor-container elementor-column-gap-default\">\n\t\t\t\t\t<div class=\"elementor-column elementor-col-50 elementor-inner-column elementor-element elementor-element-d575020\" data-id=\"d575020\" data-element_type=\"column\">\n\t\t\t<div class=\"elementor-widget-wrap elementor-element-populated\">\n\t\t\t\t\t\t<div class=\"elementor-element elementor-element-ffe521e elementor-align-center elementor-tablet-align-center elementor-mobile-align-center elementor-widget elementor-widget-button\" data-id=\"ffe521e\" data-element_type=\"widget\" data-widget_type=\"button.default\">\n\t\t\t\t\t\t\t\t\t\t<a class=\"elementor-button elementor-button-link elementor-size-sm\" href=\"https:\/\/wa.me\/573173419444?text=Quiero%20mas%20informacion.\">\n\t\t\t\t\t\t<span class=\"elementor-button-content-wrapper\">\n\t\t\t\t\t\t<span class=\"elementor-button-icon\">\n\t\t\t\t<svg aria-hidden=\"true\" class=\"e-font-icon-svg e-fab-whatsapp\" viewbox=\"0 0 448 512\" xmlns=\"http:\/\/www.w3.org\/2000\/svg\"><path d=\"M380.9 97.1C339 55.1 283.2 32 223.9 32c-122.4 0-222 99.6-222 222 0 39.1 10.2 77.3 29.6 111L0 480l117.7-30.9c32.4 17.7 68.9 27 106.1 27h.1c122.3 0 224.1-99.6 224.1-222 0-59.3-25.2-115-67.1-157zm-157 341.6c-33.2 0-65.7-8.9-94-25.7l-6.7-4-69.8 18.3L72 359.2l-4.4-7c-18.5-29.4-28.2-63.3-28.2-98.2 0-101.7 82.8-184.5 184.6-184.5 49.3 0 95.6 19.2 130.4 54.1 34.8 34.9 56.2 81.2 56.1 130.5 0 101.8-84.9 184.6-186.6 184.6zm101.2-138.2c-5.5-2.8-32.8-16.2-37.9-18-5.1-1.9-8.8-2.8-12.5 2.8-3.7 5.6-14.3 18-17.6 21.8-3.2 3.7-6.5 4.2-12 1.4-32.6-16.3-54-29.1-75.5-66-5.7-9.8 5.7-9.1 16.3-30.3 1.8-3.7.9-6.9-.5-9.7-1.4-2.8-12.5-30.1-17.1-41.2-4.5-10.8-9.1-9.3-12.5-9.5-3.2-.2-6.9-.2-10.6-.2-3.7 0-9.7 1.4-14.8 6.9-5.1 5.6-19.4 19-19.4 46.3 0 27.3 19.9 53.7 22.6 57.4 2.8 3.7 39.1 59.7 94.8 83.8 35.2 15.2 49 16.5 66.6 13.9 10.7-1.6 32.8-13.4 37.4-26.4 4.6-13 4.6-24.1 3.2-26.4-1.3-2.5-5-3.9-10.5-6.6z\"><\/path><\/svg>\t\t\t<\/span>\n\t\t\t\t\t\t\t\t\t<span class=\"elementor-button-text\">WhatsApp<\/span>\n\t\t\t\t\t<\/span>\n\t\t\t\t\t<\/a>\n\t\t\t\t\t\t\t\t<\/div>\n\t\t\t\t<div class=\"elementor-element elementor-element-fed3696 elementor-hidden-desktop elementor-hidden-tablet elementor-widget elementor-widget-spacer\" data-id=\"fed3696\" data-element_type=\"widget\" data-widget_type=\"spacer.default\">\n\t\t\t\t\t\t\t<div class=\"elementor-spacer\">\n\t\t\t<div class=\"elementor-spacer-inner\"><\/div>\n\t\t<\/div>\n\t\t\t\t\t\t<\/div>\n\t\t\t\t\t<\/div>\n\t\t<\/div>\n\t\t\t\t<div class=\"elementor-column elementor-col-50 elementor-inner-column elementor-element elementor-element-5abe53a\" data-id=\"5abe53a\" data-element_type=\"column\">\n\t\t\t<div class=\"elementor-widget-wrap elementor-element-populated\">\n\t\t\t\t\t\t<div class=\"elementor-element elementor-element-e81c71d elementor-widget elementor-widget-iconbox\" data-id=\"e81c71d\" data-element_type=\"widget\" data-widget_type=\"iconbox.default\">\n\t\t\t\t<div class=\"elementor-widget-container\">\n\t\t\t\t\t\n\t\t\t\t<div class=\"icon-box style7\">\n\t\t\t<div class=\"icon-box-icon\">\n\t\t\t\t\t\t\t\t<div class=\"icon\">\n\t\t\t\t\t<i class=\"flaticon flaticon-phone-call\"><\/i>\n\t\t\t\t<\/div>\n\t\t\t\t\t\t\t<\/div>\n\t\t\t<div class=\"icon-box-content\">\n\t\t\t\t<div class=\"title\">\n\t\t\t\t\t \n\t\t\t\t\t\t<h2>Contacto Directo<\/h2>\n\t\t\t\t\t\t\t\t\t<\/div>\n\t\t\t\t<div class=\"description\">\n\t\t\t\t\t \n\t\t\t\t\t\t<p>+573173419444<\/p>\n\t\t\t\t\t\t\t\t\t<\/div>\n\t\t\t<\/div>\n\t\t<\/div>\n\t\t\n\t\t\t\t\t\t<\/div>\n\t\t\t\t<\/div>\n\t\t\t\t\t<\/div>\n\t\t<\/div>\n\t\t\t\t\t<\/div>\n\t\t<\/section>\n\t\t\t\t\t<\/div>\n\t\t<\/div>\n\t\t\t\t\t<\/div>\n\t\t<\/section>\n\t\t\t\t<div class=\"elementor-element elementor-element-05a1056 elementor-widget elementor-widget-spacer\" data-id=\"05a1056\" data-element_type=\"widget\" data-widget_type=\"spacer.default\">\n\t\t\t\t\t\t\t<div class=\"elementor-spacer\">\n\t\t\t<div class=\"elementor-spacer-inner\"><\/div>\n\t\t<\/div>\n\t\t\t\t\t\t<\/div>\n\t\t\t\t\t<\/div>\n\t\t<\/div>\n\t\t\t\t\t<\/div>\n\t\t<\/section>\n\t\t\t\t<\/div>","protected":false},"excerpt":{"rendered":"<p>Nombre del producto : Asesor\u00eda Financiera Empresarial Categor\u00eda : Estudio EmpresarialTipo de cliente : EmpresarialModalidad : Presencial \/ virtual Estructura : Claridad de Ruta y es Saber exactamente d\u00f3nde enfocar los recursos y esfuerzos para maximizar el crecimiento, Optimizaci\u00f3n de Recursos, tu empresa podr\u00e1 ser m\u00e1s productiva sin contratar m\u00e1s personal, reduciendo gastos innecesarios. Convierte [&hellip;]<\/p>","protected":false},"author":1,"featured_media":0,"parent":0,"menu_order":0,"comment_status":"closed","ping_status":"closed","template":"page-templates\/template-default.php","meta":{"footnotes":""},"class_list":["post-18637","page","type-page","status-publish","hentry"],"_links":{"self":[{"href":"https:\/\/mentesmaestrasg.com\/en\/wp-json\/wp\/v2\/pages\/18637","targetHints":{"allow":["GET"]}}],"collection":[{"href":"https:\/\/mentesmaestrasg.com\/en\/wp-json\/wp\/v2\/pages"}],"about":[{"href":"https:\/\/mentesmaestrasg.com\/en\/wp-json\/wp\/v2\/types\/page"}],"author":[{"embeddable":true,"href":"https:\/\/mentesmaestrasg.com\/en\/wp-json\/wp\/v2\/users\/1"}],"replies":[{"embeddable":true,"href":"https:\/\/mentesmaestrasg.com\/en\/wp-json\/wp\/v2\/comments?post=18637"}],"version-history":[{"count":10,"href":"https:\/\/mentesmaestrasg.com\/en\/wp-json\/wp\/v2\/pages\/18637\/revisions"}],"predecessor-version":[{"id":18648,"href":"https:\/\/mentesmaestrasg.com\/en\/wp-json\/wp\/v2\/pages\/18637\/revisions\/18648"}],"wp:attachment":[{"href":"https:\/\/mentesmaestrasg.com\/en\/wp-json\/wp\/v2\/media?parent=18637"}],"curies":[{"name":"wp","href":"https:\/\/api.w.org\/{rel}","templated":true}]}}